{"id":1699,"date":"2026-04-19T23:11:22","date_gmt":"2026-04-19T21:11:22","guid":{"rendered":"https:\/\/orciari.it\/?page_id=1699"},"modified":"2026-04-19T23:16:33","modified_gmt":"2026-04-19T21:16:33","slug":"histoire-fr","status":"publish","type":"page","link":"https:\/\/orciari.it\/?page_id=1699&lang=fr","title":{"rendered":"histoire FR"},"content":{"rendered":"\t\t<div data-elementor-type=\"wp-page\" data-elementor-id=\"1699\" class=\"elementor elementor-1699\">\n\t\t\t\t<div class=\"elementor-element elementor-element-85e5998 e-flex e-con-boxed e-con e-parent\" data-id=\"85e5998\" data-element_type=\"container\" data-e-type=\"container\">\n\t\t\t\t\t<div class=\"e-con-inner\">\n\t\t\t\t<div class=\"elementor-element elementor-element-75dc100 elementor-widget elementor-widget-heading\" data-id=\"75dc100\" data-element_type=\"widget\" data-e-type=\"widget\" data-widget_type=\"heading.default\">\n\t\t\t\t\t<h3 class=\"elementor-heading-title elementor-size-default\">HISTOIRE<\/h3>\t\t\t\t<\/div>\n\t\t\t\t\t<\/div>\n\t\t\t\t<\/div>\n\t\t\t\t<section class=\"elementor-section elementor-top-section elementor-element elementor-element-1lralc6 elementor-section-content-middle elementor-reverse-mobile elementor-section-boxed elementor-section-height-default elementor-section-height-default\" data-id=\"1lralc6\" data-element_type=\"section\" data-e-type=\"section\" data-settings=\"{&quot;background_background&quot;:&quot;classic&quot;}\">\n\t\t\t\t\t\t\t<div class=\"elementor-background-overlay\"><\/div>\n\t\t\t\t\t\t\t<div class=\"elementor-container elementor-column-gap-no\">\n\t\t\t\t\t<div class=\"elementor-column elementor-col-50 elementor-top-column elementor-element elementor-element-b0b74d8\" data-id=\"b0b74d8\" data-element_type=\"column\" data-e-type=\"column\">\n\t\t\t<div class=\"elementor-widget-wrap elementor-element-populated\">\n\t\t\t\t\t\t<div class=\"elementor-element elementor-element-327f367 elementor-widget elementor-widget-text-editor\" data-id=\"327f367\" data-element_type=\"widget\" data-e-type=\"widget\" data-widget_type=\"text-editor.default\">\n\t\t\t\t\t\t\t\t\tOrciari est une marque historique italienne, leader dans la production d&rsquo;accessoires pour automobiles. Fond\u00e9e en 1982 \u00e0 Bergamo par les fr\u00e8res Orciari, elle se distingue d\u00e8s le d\u00e9part par sa forte originalit\u00e9 stylistique et atteint rapidement le succ\u00e8s gr\u00e2ce aux iconiques kits esth\u00e9tiques pour Volkswagen Golf 1 (1982) et Volkswagen Golf 2 (1986).<BR> Ce dernier mod\u00e8le r\u00e9volutionne le march\u00e9 du tuning automobile gr\u00e2ce \u00e0 l&rsquo;\u00e9norme succ\u00e8s des futuristes grilles \u00e9lectriques avec phares escamotables, encore aujourd&rsquo;hui consid\u00e9r\u00e9es comme un must par les passionn\u00e9s du secteur.\t\t\t\t\t\t\t\t<\/div>\n\t\t\t\t\t<\/div>\n\t\t<\/div>\n\t\t\t\t<div class=\"elementor-column elementor-col-50 elementor-top-column elementor-element elementor-element-51962fb\" data-id=\"51962fb\" data-element_type=\"column\" data-e-type=\"column\" data-settings=\"{&quot;background_background&quot;:&quot;classic&quot;}\">\n\t\t\t<div class=\"elementor-widget-wrap elementor-element-populated\">\n\t\t\t\t\t\t<div class=\"elementor-element elementor-element-6315460 elementor-widget elementor-widget-image\" data-id=\"6315460\" data-element_type=\"widget\" data-e-type=\"widget\" data-widget_type=\"image.default\">\n\t\t\t\t\t\t\t\t\t\t\t\t\t\t\t<img fetchpriority=\"high\" decoding=\"async\" width=\"1600\" height=\"1200\" src=\"https:\/\/orciari.it\/wp-content\/uploads\/2026\/02\/STORIA-1.jpg\" class=\"attachment-full size-full wp-image-114\" alt=\"\" \/>\t\t\t\t\t\t\t\t\t\t\t\t\t\t\t<\/div>\n\t\t\t\t\t<\/div>\n\t\t<\/div>\n\t\t\t\t\t<\/div>\n\t\t<\/section>\n\t\t\t\t<section class=\"elementor-section elementor-top-section elementor-element elementor-element-63f5bfc elementor-section-content-middle elementor-reverse-mobile elementor-section-boxed elementor-section-height-default elementor-section-height-default\" data-id=\"63f5bfc\" data-element_type=\"section\" data-e-type=\"section\" data-settings=\"{&quot;background_background&quot;:&quot;classic&quot;}\">\n\t\t\t\t\t\t\t<div class=\"elementor-background-overlay\"><\/div>\n\t\t\t\t\t\t\t<div class=\"elementor-container elementor-column-gap-no\">\n\t\t\t\t\t<div class=\"elementor-column elementor-col-50 elementor-top-column elementor-element elementor-element-2f821ca\" data-id=\"2f821ca\" data-element_type=\"column\" data-e-type=\"column\" data-settings=\"{&quot;background_background&quot;:&quot;classic&quot;}\">\n\t\t\t<div class=\"elementor-widget-wrap elementor-element-populated\">\n\t\t\t\t\t\t<div class=\"elementor-element elementor-element-45e6cba elementor-widget elementor-widget-image\" data-id=\"45e6cba\" data-element_type=\"widget\" data-e-type=\"widget\" data-widget_type=\"image.default\">\n\t\t\t\t\t\t\t\t\t\t\t\t\t\t\t<img decoding=\"async\" width=\"1600\" height=\"1200\" src=\"https:\/\/orciari.it\/wp-content\/uploads\/2026\/02\/STORIA-2.jpg\" class=\"attachment-full size-full wp-image-115\" alt=\"\" \/>\t\t\t\t\t\t\t\t\t\t\t\t\t\t\t<\/div>\n\t\t\t\t\t<\/div>\n\t\t<\/div>\n\t\t\t\t<div class=\"elementor-column elementor-col-50 elementor-top-column elementor-element elementor-element-c484e06\" data-id=\"c484e06\" data-element_type=\"column\" data-e-type=\"column\">\n\t\t\t<div class=\"elementor-widget-wrap elementor-element-populated\">\n\t\t\t\t\t\t<div class=\"elementor-element elementor-element-bf5b2e3 elementor-widget elementor-widget-text-editor\" data-id=\"bf5b2e3\" data-element_type=\"widget\" data-e-type=\"widget\" data-widget_type=\"text-editor.default\">\n\t\t\t\t\t\t\t\t\tLe consensus du public et les ventes croissent rapidement et la marque Orciari s&rsquo;impose en peu de temps comme l&rsquo;un des principaux leaders italiens et europ\u00e9ens dans la production d&rsquo;accessoires auto aftermarket.<br> Dans les ann\u00e9es 90, la marque consolide sa position en entrant dans le secteur des accessoires de \u00ab\u00a0premi\u00e8re monte\u00a0\u00bb (premi\u00e8re \u00e9quipement \/ OEM), r\u00e9alis\u00e9s pour des constructeurs tels que Renault, FSO et Daewoo, en plus de la production de kits esth\u00e9tiques de s\u00e9rie fournis aux principaux importateurs automobiles italiens, parmi lesquels Ford, Subaru, Toyota, Nissan, Suzuki, Mitsubishi, Kia, Daihatsu, Lada Niva, Tata et bien d&rsquo;autres.\t\t\t\t\t\t\t\t<\/div>\n\t\t\t\t\t<\/div>\n\t\t<\/div>\n\t\t\t\t\t<\/div>\n\t\t<\/section>\n\t\t\t\t<section class=\"elementor-section elementor-top-section elementor-element elementor-element-214291c elementor-section-content-middle elementor-reverse-mobile elementor-section-boxed elementor-section-height-default elementor-section-height-default\" data-id=\"214291c\" data-element_type=\"section\" data-e-type=\"section\" data-settings=\"{&quot;background_background&quot;:&quot;classic&quot;}\">\n\t\t\t\t\t\t\t<div class=\"elementor-background-overlay\"><\/div>\n\t\t\t\t\t\t\t<div class=\"elementor-container elementor-column-gap-no\">\n\t\t\t\t\t<div class=\"elementor-column elementor-col-50 elementor-top-column elementor-element elementor-element-984ccec\" data-id=\"984ccec\" data-element_type=\"column\" data-e-type=\"column\">\n\t\t\t<div class=\"elementor-widget-wrap elementor-element-populated\">\n\t\t\t\t\t\t<div class=\"elementor-element elementor-element-cc43b63 elementor-widget elementor-widget-text-editor\" data-id=\"cc43b63\" data-element_type=\"widget\" data-e-type=\"widget\" data-widget_type=\"text-editor.default\">\n\t\t\t\t\t\t\t\t\tEn 1997, Orciari con\u00e7oit et r\u00e9alise pour Nissan son premier hard top pour pick-up :<br> le Nissan Navara D22 est \u00e9quip\u00e9 en s\u00e9rie d&rsquo;un hard top Orciari.<br> Cela repr\u00e9sente un tournant fondamental pour la marque qui, gr\u00e2ce \u00e0 ses qualit\u00e9s reconnues de design unique, robustesse et fiabilit\u00e9, s&rsquo;imposera dans les ann\u00e9es suivantes comme le leader europ\u00e9en de la production de hard top pour pick-up. En 2005, Orciari d\u00e9veloppe pour Nissan deux de ses mod\u00e8les de hard top les plus c\u00e9l\u00e8bres :<br> les hard top pour Nissan Navara D40 dans les versions \u00ab\u00a0SUV\u00a0\u00bb et \u00ab\u00a0Sport\u00a0\u00bb. <br>Ce dernier, gr\u00e2ce \u00e0 son design inclin\u00e9 exclusif, devient un v\u00e9ritable r\u00e9f\u00e9rence de style, lan\u00e7ant au niveau international le concept de hard top sportif.\t\t\t\t\t\t\t\t<\/div>\n\t\t\t\t\t<\/div>\n\t\t<\/div>\n\t\t\t\t<div class=\"elementor-column elementor-col-50 elementor-top-column elementor-element elementor-element-b02084e\" data-id=\"b02084e\" data-element_type=\"column\" data-e-type=\"column\" data-settings=\"{&quot;background_background&quot;:&quot;classic&quot;}\">\n\t\t\t<div class=\"elementor-widget-wrap elementor-element-populated\">\n\t\t\t\t\t\t<div class=\"elementor-element elementor-element-4b4cd7b elementor-widget elementor-widget-image\" data-id=\"4b4cd7b\" data-element_type=\"widget\" data-e-type=\"widget\" data-widget_type=\"image.default\">\n\t\t\t\t\t\t\t\t\t\t\t\t\t\t\t<img decoding=\"async\" width=\"1600\" height=\"1200\" src=\"https:\/\/orciari.it\/wp-content\/uploads\/2026\/02\/STORIA-3.jpg\" class=\"attachment-full size-full wp-image-116\" alt=\"\" \/>\t\t\t\t\t\t\t\t\t\t\t\t\t\t\t<\/div>\n\t\t\t\t\t<\/div>\n\t\t<\/div>\n\t\t\t\t\t<\/div>\n\t\t<\/section>\n\t\t\t\t<section class=\"elementor-section elementor-top-section elementor-element elementor-element-86940fd elementor-section-content-middle elementor-reverse-mobile elementor-section-boxed elementor-section-height-default elementor-section-height-default\" data-id=\"86940fd\" data-element_type=\"section\" data-e-type=\"section\" data-settings=\"{&quot;background_background&quot;:&quot;classic&quot;}\">\n\t\t\t\t\t\t\t<div class=\"elementor-background-overlay\"><\/div>\n\t\t\t\t\t\t\t<div class=\"elementor-container elementor-column-gap-no\">\n\t\t\t\t\t<div class=\"elementor-column elementor-col-50 elementor-top-column elementor-element elementor-element-6ef85ec\" data-id=\"6ef85ec\" data-element_type=\"column\" data-e-type=\"column\" data-settings=\"{&quot;background_background&quot;:&quot;classic&quot;}\">\n\t\t\t<div class=\"elementor-widget-wrap elementor-element-populated\">\n\t\t\t\t\t\t<div class=\"elementor-element elementor-element-35668d6 elementor-widget elementor-widget-image\" data-id=\"35668d6\" data-element_type=\"widget\" data-e-type=\"widget\" data-widget_type=\"image.default\">\n\t\t\t\t\t\t\t\t\t\t\t\t\t\t\t<img loading=\"lazy\" decoding=\"async\" width=\"1600\" height=\"1200\" src=\"https:\/\/orciari.it\/wp-content\/uploads\/2026\/04\/STORIA-4.jpg\" class=\"attachment-full size-full wp-image-1590\" alt=\"\" srcset=\"https:\/\/orciari.it\/wp-content\/uploads\/2026\/04\/STORIA-4.jpg 1600w, https:\/\/orciari.it\/wp-content\/uploads\/2026\/04\/STORIA-4-300x225.jpg 300w, https:\/\/orciari.it\/wp-content\/uploads\/2026\/04\/STORIA-4-1024x768.jpg 1024w, https:\/\/orciari.it\/wp-content\/uploads\/2026\/04\/STORIA-4-768x576.jpg 768w, https:\/\/orciari.it\/wp-content\/uploads\/2026\/04\/STORIA-4-1536x1152.jpg 1536w\" sizes=\"(max-width: 1600px) 100vw, 1600px\" \/>\t\t\t\t\t\t\t\t\t\t\t\t\t\t\t<\/div>\n\t\t\t\t\t<\/div>\n\t\t<\/div>\n\t\t\t\t<div class=\"elementor-column elementor-col-50 elementor-top-column elementor-element elementor-element-250cfc2\" data-id=\"250cfc2\" data-element_type=\"column\" data-e-type=\"column\">\n\t\t\t<div class=\"elementor-widget-wrap elementor-element-populated\">\n\t\t\t\t\t\t<div class=\"elementor-element elementor-element-52e524a elementor-widget elementor-widget-text-editor\" data-id=\"52e524a\" data-element_type=\"widget\" data-e-type=\"widget\" data-widget_type=\"text-editor.default\">\n\t\t\t\t\t\t\t\t\tEn 2008, Orciari, fort du succ\u00e8s de ses mod\u00e8les, devient fournisseur officiel de Mitsubishi, pour laquelle il r\u00e9alise un mod\u00e8le tout aussi iconique, le hard top pour Mitsubishi L200 dans la version \u00ab\u00a0Sport\u00a0\u00bb.<br>\nUn hard top au design muscl\u00e9 et futuriste, inspir\u00e9 des lignes de la Porsche 911.<br> Encore aujourd&rsquo;hui, Orciari produit et fournit ses accessoires aux meilleures marques automobiles internationales, qui appr\u00e9cient son style unique et inconfondable.\n\t\t\t\t\t\t\t\t<\/div>\n\t\t\t\t\t<\/div>\n\t\t<\/div>\n\t\t\t\t\t<\/div>\n\t\t<\/section>\n\t\t\t\t<\/div>\n\t\t","protected":false},"excerpt":{"rendered":"<p>HISTOIRE Orciari est une marque historique italienne, leader dans la production d&rsquo;accessoires pour automobiles. Fond\u00e9e en 1982 \u00e0 Bergamo par [&hellip;]<\/p>\n","protected":false},"author":1,"featured_media":0,"parent":0,"menu_order":0,"comment_status":"closed","ping_status":"closed","template":"","meta":{"_acf_changed":false,"site-sidebar-layout":"no-sidebar","site-content-layout":"","ast-site-content-layout":"full-width-container","site-content-style":"default","site-sidebar-style":"default","ast-global-header-display":"","ast-banner-title-visibility":"","ast-main-header-display":"","ast-hfb-above-header-display":"","ast-hfb-below-header-display":"","ast-hfb-mobile-header-display":"","site-post-title":"disabled","ast-breadcrumbs-content":"","ast-featured-img":"disabled","footer-sml-layout":"","ast-disable-related-posts":"","theme-transparent-header-meta":"","adv-header-id-meta":"","stick-header-meta":"","header-above-stick-meta":"","header-main-stick-meta":"","header-below-stick-meta":"","astra-migrate-meta-layouts":"default","ast-page-background-enabled":"default","ast-page-background-meta":{"desktop":{"background-color":"var(--ast-global-color-5)","background-image":"","background-repeat":"repeat","background-position":"center center","background-size":"auto","background-attachment":"scroll","background-type":"","background-media":"","overlay-type":"","overlay-color":"","overlay-opacity":"","overlay-gradient":""},"tablet":{"background-color":"","background-image":"","background-repeat":"repeat","background-position":"center center","background-size":"auto","background-attachment":"scroll","background-type":"","background-media":"","overlay-type":"","overlay-color":"","overlay-opacity":"","overlay-gradient":""},"mobile":{"background-color":"","background-image":"","background-repeat":"repeat","background-position":"center center","background-size":"auto","background-attachment":"scroll","background-type":"","background-media":"","overlay-type":"","overlay-color":"","overlay-opacity":"","overlay-gradient":""}},"ast-content-background-meta":{"desktop":{"background-color":"var(--ast-global-color-4)","background-image":"","background-repeat":"repeat","background-position":"center center","background-size":"auto","background-attachment":"scroll","background-type":"","background-media":"","overlay-type":"","overlay-color":"","overlay-opacity":"","overlay-gradient":""},"tablet":{"background-color":"var(--ast-global-color-4)","background-image":"","background-repeat":"repeat","background-position":"center center","background-size":"auto","background-attachment":"scroll","background-type":"","background-media":"","overlay-type":"","overlay-color":"","overlay-opacity":"","overlay-gradient":""},"mobile":{"background-color":"var(--ast-global-color-4)","background-image":"","background-repeat":"repeat","background-position":"center center","background-size":"auto","background-attachment":"scroll","background-type":"","background-media":"","overlay-type":"","overlay-color":"","overlay-opacity":"","overlay-gradient":""}},"footnotes":""},"class_list":["post-1699","page","type-page","status-publish","hentry"],"acf":[],"_links":{"self":[{"href":"https:\/\/orciari.it\/index.php?rest_route=\/wp\/v2\/pages\/1699","targetHints":{"allow":["GET"]}}],"collection":[{"href":"https:\/\/orciari.it\/index.php?rest_route=\/wp\/v2\/pages"}],"about":[{"href":"https:\/\/orciari.it\/index.php?rest_route=\/wp\/v2\/types\/page"}],"author":[{"embeddable":true,"href":"https:\/\/orciari.it\/index.php?rest_route=\/wp\/v2\/users\/1"}],"replies":[{"embeddable":true,"href":"https:\/\/orciari.it\/index.php?rest_route=%2Fwp%2Fv2%2Fcomments&post=1699"}],"version-history":[{"count":4,"href":"https:\/\/orciari.it\/index.php?rest_route=\/wp\/v2\/pages\/1699\/revisions"}],"predecessor-version":[{"id":1703,"href":"https:\/\/orciari.it\/index.php?rest_route=\/wp\/v2\/pages\/1699\/revisions\/1703"}],"wp:attachment":[{"href":"https:\/\/orciari.it\/index.php?rest_route=%2Fwp%2Fv2%2Fmedia&parent=1699"}],"curies":[{"name":"wp","href":"https:\/\/api.w.org\/{rel}","templated":true}]}}